{"id":18312,"date":"2025-02-09T21:26:06","date_gmt":"2025-02-09T21:26:06","guid":{"rendered":"https:\/\/ffforcekapi.com.tr\/?post_type=product&#038;p=18312"},"modified":"2025-12-10T12:36:10","modified_gmt":"2025-12-10T12:36:10","slug":"nice-robus-1000-kapi-motoru-kit-paket","status":"publish","type":"product","link":"https:\/\/ffforcekapi.com.tr\/?product=nice-robus-1000-kapi-motoru-kit-paket","title":{"rendered":"Nice Robus 1000 Kap\u0131 Motoru (Kit Paket)"},"content":{"rendered":"<h2><strong>Nice Robus 1000<\/strong><\/h2>\n<p>Nice Robus 1000 di\u011fer Nice Robus serisi kap\u0131 motorlar\u0131 aras\u0131nda b\u00fcy\u00fck model olarak yerini al\u0131yor.\u00a0<strong>Uzak do\u011fu \u00fcr\u00fcnleri ile kesinlike kar\u015f\u0131la\u015ft\u0131r\u0131lmamas\u0131 gereken<\/strong>, olduk\u00e7a\u00a0<strong>g\u00fcvenli ve stabil<\/strong>\u00a0bir sisteme,\u00a0<strong>uzun s\u00fcreli kullan\u0131m<\/strong>\u00a0sunan sorunsuz bir yap\u0131ya sahip olan bu\u00a0otomatik kap\u0131\u00a0motoru,\u00a0<strong>1000 kilograma kadar<\/strong>\u00a0kap\u0131lar\u0131 destekler ve rahatl\u0131kla \u00e7al\u0131\u015ft\u0131rabilir. Nice Rox 1000 modeline g\u00f6re yo\u011fun kullan\u0131ma daha uygun \u015fekilde tasarlanan Nice Robus 1000 optimum ko\u015fullarda saatte 90-180 kez a\u00e7\u0131l\u0131p kapanabilir ve 1000 kilogram\u0131n ve 6 metrenin alt\u0131ndaki kap\u0131larda bu de\u011fer dahada y\u00fckselebilir. Bunun yan\u0131nda ise fonksiyonel \u00f6zellik bak\u0131m\u0131ndan AC motorlu di\u011fer modellere k\u0131yasla daha zengin bir tercih diyebiliriz. Orta a\u011f\u0131rl\u0131k olarak s\u0131n\u0131fland\u0131rd\u0131\u011f\u0131m\u0131z 450 ile 800 kilogram aras\u0131 bir kap\u0131s\u0131 bulunan m\u00fc\u015fteriler i\u00e7in uzun vadede olduk\u00e7a etkili ve 1. s\u0131n\u0131f kalitede bir \u00e7\u00f6z\u00fcm olan\u00a0<strong><u>Nice Robus 1000<\/u><\/strong>\u00a0T\u00fcrkiye&#8217;de \u00e7ok\u00e7a tercih edilen motorlardan biridir. Nice Robus 1000 kit motoru Kapimotoru.com.tr g\u00fcvencesi ve en uygun fiyat avantajlar\u0131 ile sat\u0131n alabilirsiniz. E\u011fer kap\u0131n\u0131z\u0131n 450 kilogram veya daha alt\u0131nda oldu\u011funu d\u00fc\u015f\u00fcn\u00fcyorsan\u0131z sizin i\u00e7in\u00a0Nice Robus 600\u00a0\u00fcr\u00fcn\u00fc daha uygun olacakt\u0131r.<\/p>\n<p>&nbsp;<\/p>\n<h3><strong>Kit Paket \u00dcr\u00fcn<\/strong><\/h3>\n<p>\u00dcr\u00fcnden maksimum verimi alabilmek, en do\u011fru ve g\u00fcvenli \u015fekilde \u00e7al\u0131\u015fmas\u0131n\u0131 sa\u011flamak i\u00e7in, t\u00fcm \u00e7evre aksesuarlar\u0131 ile birlikte kurulumunu ger\u00e7ekle\u015ftirmeniz gerekmektedir. Kit Paket \u00fcr\u00fcnlerde, motora ait t\u00fcm \u00e7evre aksesuarlar\u0131n\u0131 ve montaj elemanlar\u0131n\u0131 \u00fcr\u00fcn\u00fcn yan\u0131nda tam olarak sat\u0131n alm\u0131\u015f olursunuz. Teker teker almaktan \u00e7ok daha avantajl\u0131 bir fiyata geldi\u011finden nerdeyse t\u00fcm kullan\u0131c\u0131lar bu \u015fekilde \u00fcr\u00fcnlere sahip olmakta ve sistemlerini tam verimli \u015fekilde kullanmaktad\u0131r.<\/p>\n<p>&nbsp;<\/p>\n<h3><strong>Nice Robus 1000 Kit \u00d6zellikleri<\/strong><\/h3>\n<ul>\n<li>Yava\u015f ba\u015flama yava\u015f durma \u00f6zelli\u011fi mevcuttur<\/li>\n<li>Bluebus g\u00fcvenlik sistemi ile donat\u0131lm\u0131\u015ft\u0131r<\/li>\n<li>Engel tan\u0131ma \u00f6zelli\u011fi bulunmas\u0131 sebebi ile olduk\u00e7a g\u00fcvenlidir<\/li>\n<li>28 CM\/S ile 9 CM\/S aras\u0131nda 6 kademeli ayarlanabilir h\u0131z<\/li>\n<li>220V giri\u015fi olsa da d\u00f6n\u00fc\u015ft\u00fcr\u00fcc\u00fc yard\u0131m\u0131 ile motor 24 Volt DC ak\u0131m ile \u00e7al\u0131\u015fmaktad\u0131r.<\/li>\n<li>Orijinal ak\u00fc kiti ile geli\u015ftirilebilir, b\u00f6ylece elektrik kesintilerinde \u00e7al\u0131\u015fmaya devam eder.<\/li>\n<li>Oview, Solemyo ve di\u011fer bir\u00e7ok sistem ile geli\u015ftirilebilir ve di\u011fer Robus&#8217;lar ile senkronize \u00e7al\u0131\u015ft\u0131r\u0131labilir<\/li>\n<li><strong>Y\u00fcksek yo\u011funlukta kullan\u0131ma uygundur<\/strong><\/li>\n<\/ul>\n<p><strong>\u00a0<\/strong><\/p>\n<h3><strong>Paket \u0130\u00e7eri\u011fi<\/strong><\/h3>\n<ul>\n<li><u><strong>1 Adet\u00a0<\/strong><\/u><strong><u>Nice Robus 1000 Otomatik Kap\u0131 Motoru<\/u><\/strong><\/li>\n<li><u><strong>1 Tak\u0131m\u00a0<\/strong><\/u><strong><u>Nice EPMB Emniyet Fotoseli<\/u><\/strong><\/li>\n<li><u><strong>1 Adet\u00a0<\/strong><\/u><strong><u>Nice ELDC Fla\u015f\u00f6r Lamba<\/u><\/strong><\/li>\n<li><u><strong>2 Adet\u00a0Nice\u00a0Kumanda\u00a0(SM2)<\/strong><\/u><\/li>\n<li><u><strong>1 Adet<\/strong><\/u><strong><u>\u00a0Nice OX\u0130 Kumanda Al\u0131c\u0131s\u0131<\/u><\/strong><\/li>\n<li><strong><u>4 Metre\u00a0Kremayer Di\u015fli \u00c7elik 30X8 MM.<\/u><\/strong><\/li>\n<\/ul>\n","protected":false},"excerpt":{"rendered":"<p>Nice Robus 1000 di\u011fer Nice Robus serisi kap\u0131 motorlar\u0131 aras\u0131nda b\u00fcy\u00fck model olarak yerini al\u0131yor.\u00a0<strong>Uzak do\u011fu \u00fcr\u00fcnleri ile kesinlike kar\u015f\u0131la\u015ft\u0131r\u0131lmamas\u0131 gereken<\/strong>, olduk\u00e7a\u00a0<strong>g\u00fcvenli ve stabil<\/strong>\u00a0bir sisteme,\u00a0<strong>uzun s\u00fcreli kullan\u0131m<\/strong>\u00a0sunan sorunsuz bir yap\u0131ya sahip olan bu\u00a0otomatik kap\u0131\u00a0motoru,\u00a0<strong>1000 kilograma kadar<\/strong>\u00a0kap\u0131lar\u0131 destekler ve rahatl\u0131kla \u00e7al\u0131\u015ft\u0131rabilir.<\/p>\n","protected":false},"featured_media":18313,"comment_status":"open","ping_status":"closed","template":"","meta":{"jetpack_publicize_message":"","jetpack_publicize_feature_enabled":true,"jetpack_social_post_already_shared":false,"jetpack_social_options":{"image_generator_settings":{"template":"highway","default_image_id":0,"font":"","enabled":false},"version":2}},"product_brand":[],"product_cat":[89],"product_tag":[],"class_list":{"0":"post-18312","1":"product","2":"type-product","3":"status-publish","4":"has-post-thumbnail","6":"product_cat-genel","8":"first","9":"instock","10":"sale","11":"featured","12":"taxable","13":"shipping-taxable","14":"purchasable","15":"product-type-simple"},"jetpack_publicize_connections":[],"jetpack_sharing_enabled":true,"_links":{"self":[{"href":"https:\/\/ffforcekapi.com.tr\/index.php?rest_route=\/wp\/v2\/product\/18312","targetHints":{"allow":["GET"]}}],"collection":[{"href":"https:\/\/ffforcekapi.com.tr\/index.php?rest_route=\/wp\/v2\/product"}],"about":[{"href":"https:\/\/ffforcekapi.com.tr\/index.php?rest_route=\/wp\/v2\/types\/product"}],"replies":[{"embeddable":true,"href":"https:\/\/ffforcekapi.com.tr\/index.php?rest_route=%2Fwp%2Fv2%2Fcomments&post=18312"}],"version-history":[{"count":0,"href":"https:\/\/ffforcekapi.com.tr\/index.php?rest_route=\/wp\/v2\/product\/18312\/revisions"}],"wp:featuredmedia":[{"embeddable":true,"href":"https:\/\/ffforcekapi.com.tr\/index.php?rest_route=\/wp\/v2\/media\/18313"}],"wp:attachment":[{"href":"https:\/\/ffforcekapi.com.tr\/index.php?rest_route=%2Fwp%2Fv2%2Fmedia&parent=18312"}],"wp:term":[{"taxonomy":"product_brand","embeddable":true,"href":"https:\/\/ffforcekapi.com.tr\/index.php?rest_route=%2Fwp%2Fv2%2Fproduct_brand&post=18312"},{"taxonomy":"product_cat","embeddable":true,"href":"https:\/\/ffforcekapi.com.tr\/index.php?rest_route=%2Fwp%2Fv2%2Fproduct_cat&post=18312"},{"taxonomy":"product_tag","embeddable":true,"href":"https:\/\/ffforcekapi.com.tr\/index.php?rest_route=%2Fwp%2Fv2%2Fproduct_tag&post=18312"}],"curies":[{"name":"wp","href":"https:\/\/api.w.org\/{rel}","templated":true}]}}