{"id":18310,"date":"2025-02-09T21:18:37","date_gmt":"2025-02-09T21:18:37","guid":{"rendered":"https:\/\/ffforcekapi.com.tr\/?post_type=product&#038;p=18310"},"modified":"2025-12-10T12:47:18","modified_gmt":"2025-12-10T12:47:18","slug":"bft-ares-bt-a1500-kapi-motoru-kit-paket-kopya","status":"publish","type":"product","link":"https:\/\/ffforcekapi.com.tr\/?product=bft-ares-bt-a1500-kapi-motoru-kit-paket-kopya","title":{"rendered":"BFT Ares BT A 1500 Kap\u0131 Motoru (Kit Paket)"},"content":{"rendered":"<h2><strong>BFT Ares A 1500<\/strong><\/h2>\n<p>&nbsp;<\/p>\n<p>BFT Ares A 1500 otomatik kap\u0131 motoru, 1500 kilograma kadar olan yana kayar kap\u0131larda yo\u011fun bir kullan\u0131m ile beraber sorunsuz hizmet verebilir. Son derece fonksiyonel \u00f6zellikler ile donat\u0131lan BFT Ares serisi motorlar, yava\u015f ba\u015fla yava\u015f dur ve D-Track engel tan\u0131ma gibi \u00f6zellikler i\u00e7ermektedir. Bu \u00f6zelliklerin yan\u0131 s\u0131ra BFT U-Link sistemi ile beraber ak\u0131ll\u0131 ev sistemleri ile de tamam\u0131 ile uyumludur. BFT Ares 1000 ve BFT Ares 1500 olmak \u00fczere orta ve \u00fczeri kilogramlarda kap\u0131lar i\u00e7in \u00fcretilen bu motorlar, son derece g\u00fc\u00e7l\u00fc ve uzun \u00f6m\u00fcrl\u00fc motor yap\u0131lar\u0131 sayesinde kullan\u0131c\u0131lar\u0131n s\u0131k tercih sebeplerindendir. Uzun y\u0131llar sorunsuz \u00e7al\u0131\u015fabilme yetisine sahip bu motorlar, \u00e7ok basit \u015fekilde programlanabilir, kullan\u0131c\u0131 dostu aray\u00fcze ve kuruluma sahiptirler. \u0130ki modelde 24 Volt DC ak\u0131m ile \u00e7al\u0131\u015fmaktad\u0131r ve yo\u011fun kullan\u0131ma tamam\u0131 ile uygundur.<\/p>\n<p>&nbsp;<\/p>\n<h3><strong>Kit Paket \u00dcr\u00fcn<\/strong><\/h3>\n<p>\u00dcr\u00fcnden maksimum verimi alabilmek, en do\u011fru ve g\u00fcvenli \u015fekilde \u00e7al\u0131\u015fmas\u0131n\u0131 sa\u011flamak i\u00e7in, t\u00fcm \u00e7evre aksesuarlar\u0131 ile birlikte kurulumunu ger\u00e7ekle\u015ftirmeniz gerekmektedir. Kit Paket \u00fcr\u00fcnlerde, motora ait t\u00fcm \u00e7evre aksesuarlar\u0131n\u0131 ve montaj elemanlar\u0131n\u0131 \u00fcr\u00fcn\u00fcn yan\u0131nda tam olarak sat\u0131n alm\u0131\u015f olursunuz. Teker teker almaktan \u00e7ok daha avantajl\u0131 bir fiyata geldi\u011finden nerdeyse t\u00fcm kullan\u0131c\u0131lar bu \u015fekilde \u00fcr\u00fcnlere sahip olmakta ve sistemlerini tam verimli \u015fekilde kullanmaktad\u0131r.<\/p>\n<p>&nbsp;<\/p>\n<h3><strong>BFT Ares BT A 1500\u00a0\u00d6zellikleri<\/strong><\/h3>\n<ul>\n<li>Son derece uzun \u00f6m\u00fcrl\u00fc, \u0130talyan \u00fcretimi kaliteli bir kap\u0131 motoru \u00fcr\u00fcn\u00fcd\u00fcr.<\/li>\n<li>Yava\u015f ba\u015flama yava\u015f durma \u00f6zelli\u011fi mevcuttur<\/li>\n<li>Engel tan\u0131ma \u00f6zelli\u011fi (D-Track tork engelleyici) bulunmaktad\u0131r<\/li>\n<li>24 CM\/S ayarlanabilir h\u0131z se\u00e7ene\u011fine sahiptir<\/li>\n<li>24 Volt DC ak\u0131m ile \u00e7al\u0131\u015fmaktad\u0131r ve batarya ba\u011flanabilir<\/li>\n<li><strong>Y\u00fcksek yo\u011funlukta kullan\u0131ma uygundur.<\/strong><\/li>\n<\/ul>\n<p><strong>\u00a0<\/strong><\/p>\n<h3><strong>Paket \u0130\u00e7eri\u011fi<\/strong><\/h3>\n<p>&nbsp;<\/p>\n<p>&nbsp;<\/p>\n<ul>\n<li><u><strong>1 Adet\u00a0<\/strong><\/u><strong><u>BFT Ares BT A 1500 Otomatik Kap\u0131 Motoru<\/u><\/strong><\/li>\n<li><u><strong>1 Tak\u0131m BFT Desme A15 Emniyet Fotoseli<\/strong><\/u><\/li>\n<li><u><strong>1 Adet BFT LTA24 Fla\u015f\u00f6r Lamba<\/strong><\/u><\/li>\n<li><strong><u>2 Adet\u00a0<a href=\"https:\/\/kapimotoru.com.tr\/bft-mitto-kumanda-2g\" target=\"_blank\" rel=\"noopener\">BFT Mitto Kumanda<\/a>\u00a0(Kumanda al\u0131c\u0131s\u0131, motor kart\u0131n\u0131n i\u00e7ine g\u00f6m\u00fcl\u00fcd\u00fcr)<\/u><\/strong><\/li>\n<li><strong><u>4 Metre\u00a0<a href=\"https:\/\/kapimotoru.com.tr\/kremayer-disli-celik\" target=\"_blank\" rel=\"noopener\">Kremayer Di\u015fli \u00c7elik 30X8 MM.<\/a><\/u><\/strong><\/li>\n<\/ul>\n<ul>\n<li><\/li>\n<\/ul>\n","protected":false},"excerpt":{"rendered":"<p>BFT Ares A 1500 otomatik kap\u0131 motoru, 1500 kilograma kadar olan yana kayar kap\u0131larda yo\u011fun bir kullan\u0131m ile beraber sorunsuz hizmet verebilir. Son derece fonksiyonel \u00f6zellikler ile donat\u0131lan BFT Ares serisi motorlar, yava\u015f ba\u015fla yava\u015f dur ve D-Track engel tan\u0131ma gibi \u00f6zellikler i\u00e7ermektedir. Bu \u00f6zelliklerin yan\u0131 s\u0131ra BFT U-Link sistemi ile beraber ak\u0131ll\u0131 ev sistemleri ile de tamam\u0131 ile uyumludur.<\/p>\n","protected":false},"featured_media":18307,"comment_status":"open","ping_status":"closed","template":"","meta":{"jetpack_publicize_message":"","jetpack_publicize_feature_enabled":true,"jetpack_social_post_already_shared":false,"jetpack_social_options":{"image_generator_settings":{"template":"highway","default_image_id":0,"font":"","enabled":false},"version":2}},"product_brand":[],"product_cat":[97,89,91],"product_tag":[],"class_list":{"0":"post-18310","1":"product","2":"type-product","3":"status-publish","4":"has-post-thumbnail","6":"product_cat-bftyedekparca","7":"product_cat-genel","8":"product_cat-yanakayarkapimotor","10":"first","11":"instock","12":"sale","13":"taxable","14":"shipping-taxable","15":"purchasable","16":"product-type-simple"},"jetpack_publicize_connections":[],"jetpack_sharing_enabled":true,"_links":{"self":[{"href":"https:\/\/ffforcekapi.com.tr\/index.php?rest_route=\/wp\/v2\/product\/18310","targetHints":{"allow":["GET"]}}],"collection":[{"href":"https:\/\/ffforcekapi.com.tr\/index.php?rest_route=\/wp\/v2\/product"}],"about":[{"href":"https:\/\/ffforcekapi.com.tr\/index.php?rest_route=\/wp\/v2\/types\/product"}],"replies":[{"embeddable":true,"href":"https:\/\/ffforcekapi.com.tr\/index.php?rest_route=%2Fwp%2Fv2%2Fcomments&post=18310"}],"version-history":[{"count":0,"href":"https:\/\/ffforcekapi.com.tr\/index.php?rest_route=\/wp\/v2\/product\/18310\/revisions"}],"wp:featuredmedia":[{"embeddable":true,"href":"https:\/\/ffforcekapi.com.tr\/index.php?rest_route=\/wp\/v2\/media\/18307"}],"wp:attachment":[{"href":"https:\/\/ffforcekapi.com.tr\/index.php?rest_route=%2Fwp%2Fv2%2Fmedia&parent=18310"}],"wp:term":[{"taxonomy":"product_brand","embeddable":true,"href":"https:\/\/ffforcekapi.com.tr\/index.php?rest_route=%2Fwp%2Fv2%2Fproduct_brand&post=18310"},{"taxonomy":"product_cat","embeddable":true,"href":"https:\/\/ffforcekapi.com.tr\/index.php?rest_route=%2Fwp%2Fv2%2Fproduct_cat&post=18310"},{"taxonomy":"product_tag","embeddable":true,"href":"https:\/\/ffforcekapi.com.tr\/index.php?rest_route=%2Fwp%2Fv2%2Fproduct_tag&post=18310"}],"curies":[{"name":"wp","href":"https:\/\/api.w.org\/{rel}","templated":true}]}}