{"id":29,"date":"2025-01-26T15:12:33","date_gmt":"2025-01-26T15:12:33","guid":{"rendered":"https:\/\/demo.bravisthemes.com\/fixera\/?page_id=29"},"modified":"2025-02-10T04:01:50","modified_gmt":"2025-02-10T04:01:50","slug":"hizmetlerimiz","status":"publish","type":"page","link":"https:\/\/ffforcekapi.com.tr\/?page_id=29","title":{"rendered":"Hizmetlerimiz"},"content":{"rendered":"\t\t<div data-elementor-type=\"wp-page\" data-elementor-id=\"29\" class=\"elementor elementor-29\" data-elementor-post-type=\"page\">\n\t\t\t\t        <section class=\"elementor-section elementor-top-section elementor-element elementor-element-ad0b704 elementor-section-boxed elementor-section-height-default elementor-section-height-default pxl-type-header-none pxl-row-scroll-none\" data-id=\"ad0b704\" data-element_type=\"section\" data-e-type=\"section\">\n\n                \n                <div class=\"elementor-container elementor-column-gap-default \">\n                <div class=\"elementor-column elementor-col-100 elementor-top-column elementor-element elementor-element-327f204 pxl-column-element-default pxl-column-none pxl-column-overflow-hidden-no\" data-id=\"327f204\" data-element_type=\"column\" data-e-type=\"column\">\r\n        <div class=\"elementor-widget-wrap elementor-element-populated\">\r\n                     \r\n        \t\t<div class=\"elementor-element elementor-element-da8fd2f elementor-widget elementor-widget-heading\" data-id=\"da8fd2f\" data-element_type=\"widget\" data-e-type=\"widget\" data-widget_type=\"heading.default\">\n\t\t\t\t<div class=\"elementor-widget-container\">\n\t\t\t\t\t<h2 class=\"elementor-heading-title elementor-size-default\">Hizmetlerimiz<\/h2>\t\t\t\t<\/div>\n\t\t\t\t<\/div>\n\t\t            <\/div>\r\n        <\/div>\r\n        \t\t\t<\/div>\n\t\t<\/section>\n\t\t        <section class=\"elementor-section elementor-top-section elementor-element elementor-element-a3ed4fe elementor-section-boxed elementor-section-height-default elementor-section-height-default pxl-type-header-none pxl-row-scroll-none\" data-id=\"a3ed4fe\" data-element_type=\"section\" data-e-type=\"section\">\n\n                \n                <div class=\"elementor-container elementor-column-gap-default \">\n                <div class=\"elementor-column elementor-col-100 elementor-top-column elementor-element elementor-element-95135dd pxl-column-element-default pxl-column-none pxl-column-overflow-hidden-no\" data-id=\"95135dd\" data-element_type=\"column\" data-e-type=\"column\">\r\n        <div class=\"elementor-widget-wrap elementor-element-populated\">\r\n                     \r\n        \t\t<div class=\"elementor-element elementor-element-aa54ff9 pxl-post-layout-service-2 elementor-widget elementor-widget-pxl_post_grid\" data-id=\"aa54ff9\" data-element_type=\"widget\" data-e-type=\"widget\" data-widget_type=\"pxl_post_grid.default\">\n\t\t\t\t<div class=\"elementor-widget-container\">\n\t\t\t\t\t\n<div id=\"pxl_post_grid-aa54ff9-4533\" class=\"pxl-grid pxl-service-grid pxl-service-grid-layout2 item-gradient\" data-layout=\"masonry\" data-start-page=\"1\" data-max-pages=\"2\" data-total=\"9\" data-perpage=\"8\" data-next-link=\"https:\/\/ffforcekapi.com.tr\/index.php?rest_route=%2Fwp%2Fv2%2Fpages%2F29&#038;paged=2\">\n    \n    <div class=\"pxl-grid-inner pxl-grid-masonry row\" data-gutter=\"15\">\n                    <div class=\"pxl-grid-item col-xl-4 col-lg-4 col-md-4 col-sm-6 col-12 kapi-donani-parcalari\">\n                <div class=\"pxl-item--inner \" data-wow-duration=\"1.2s\">\n                                            <div class=\"item--featured\">\n                            <a href=\"https:\/\/ffforcekapi.com.tr\/?service=kapi-donanim-parcalari\">\n                                <img fetchpriority=\"high\" decoding=\"async\" class=\"no-lazyload \" src=\"https:\/\/ffforcekapi.com.tr\/wp-content\/uploads\/2025\/02\/WhatsApp-Image-2025-06-14-at-19.25.46-1-e1750342259332.jpeg\" width=\"697\" height=\"415\" alt=\"WhatsApp Image 2025-06-14 at 19.25.46 (1)\" title=\"WhatsApp Image 2025-06-14 at 19.25.46 (1)\" \/>    \n                            <\/a>\n                        <\/div>\n                                        <div class=\"pxl-item-body\">\n                                                                            <div class=\"pxl-item--icon\">\n                                <a href=\"https:\/\/ffforcekapi.com.tr\/?service=kapi-donanim-parcalari\">\n                                    <i class=\"fas fa-door-open\"><\/i>\n                                <\/a>\n                            <\/div>\n                                                                            <div class=\"item--category\">\n                                <a href=\"https:\/\/ffforcekapi.com.tr\/?service-category=kapi-donani-parcalari\" rel=\"tag\">Kap\u0131 Donan\u0131m Par\u00e7alar\u0131<\/a>                            <\/div>\n                                                <h3 class=\"pxl-item--title\">\n                            <a href=\"https:\/\/ffforcekapi.com.tr\/?service=kapi-donanim-parcalari\">\n                                Kap\u0131 Donan\u0131m Par\u00e7alar\u0131                            <\/a>\n                        <\/h3>\n                                                                    <\/div>\n                <\/div>\n            <\/div>\n                    <div class=\"pxl-grid-item col-xl-4 col-lg-4 col-md-4 col-sm-6 col-12 kapi-motorlari\">\n                <div class=\"pxl-item--inner \" data-wow-duration=\"1.2s\">\n                                            <div class=\"item--featured\">\n                            <a href=\"https:\/\/ffforcekapi.com.tr\/?service=kapi-motorlari\">\n                                <img decoding=\"async\" class=\"no-lazyload \" src=\"https:\/\/ffforcekapi.com.tr\/wp-content\/uploads\/2025\/02\/nice-1000-1.webp\" width=\"600\" height=\"600\" alt=\"nice 1000 1\" title=\"nice 1000 1\" \/>    \n                            <\/a>\n                        <\/div>\n                                        <div class=\"pxl-item-body\">\n                                                                            <div class=\"pxl-item--icon\">\n                                <a href=\"https:\/\/ffforcekapi.com.tr\/?service=kapi-motorlari\">\n                                    <i class=\"fas fa-door-open\"><\/i>\n                                <\/a>\n                            <\/div>\n                                                                            <div class=\"item--category\">\n                                <a href=\"https:\/\/ffforcekapi.com.tr\/?service-category=kapi-motorlari\" rel=\"tag\">Kap\u0131 Motorlar\u0131<\/a>                            <\/div>\n                                                <h3 class=\"pxl-item--title\">\n                            <a href=\"https:\/\/ffforcekapi.com.tr\/?service=kapi-motorlari\">\n                                Kap\u0131 Motorlar\u0131                            <\/a>\n                        <\/h3>\n                                                                    <\/div>\n                <\/div>\n            <\/div>\n                    <div class=\"pxl-grid-item col-xl-4 col-lg-4 col-md-4 col-sm-6 col-12 fotoselli-kapi-sistemi\">\n                <div class=\"pxl-item--inner \" data-wow-duration=\"1.2s\">\n                                            <div class=\"item--featured\">\n                            <a href=\"https:\/\/ffforcekapi.com.tr\/?service=fotoselli-kapi-sistemi\">\n                                <img decoding=\"async\" class=\"no-lazyload \" src=\"https:\/\/ffforcekapi.com.tr\/wp-content\/uploads\/2025\/02\/fotoselli-kapi-sistemi-822x576.jpg\" width=\"822\" height=\"576\" alt=\"fotoselli kap\u0131 sistemi\" title=\"fotoselli kap\u0131 sistemi\" \/>    \n                            <\/a>\n                        <\/div>\n                                        <div class=\"pxl-item-body\">\n                                                                            <div class=\"pxl-item--icon\">\n                                <a href=\"https:\/\/ffforcekapi.com.tr\/?service=fotoselli-kapi-sistemi\">\n                                    <i class=\"fas fa-door-open\"><\/i>\n                                <\/a>\n                            <\/div>\n                                                                            <div class=\"item--category\">\n                                <a href=\"https:\/\/ffforcekapi.com.tr\/?service-category=fotoselli-kapi-sistemi\" rel=\"tag\">Fotoselli Kap\u0131 Sistemi<\/a>                            <\/div>\n                                                <h3 class=\"pxl-item--title\">\n                            <a href=\"https:\/\/ffforcekapi.com.tr\/?service=fotoselli-kapi-sistemi\">\n                                Fotoselli Kap\u0131 Sistemi                            <\/a>\n                        <\/h3>\n                                                                    <\/div>\n                <\/div>\n            <\/div>\n                    <div class=\"pxl-grid-item col-xl-4 col-lg-4 col-md-4 col-sm-6 col-12 otomatik-bariyer-sistemi\">\n                <div class=\"pxl-item--inner \" data-wow-duration=\"1.2s\">\n                                            <div class=\"item--featured\">\n                            <a href=\"https:\/\/ffforcekapi.com.tr\/?service=otomatik-bariyer-sistemi\">\n                                <img loading=\"lazy\" decoding=\"async\" class=\"no-lazyload \" src=\"https:\/\/ffforcekapi.com.tr\/wp-content\/uploads\/2025\/02\/otomatik-bariyer-sistemi.jpg\" width=\"774\" height=\"435\" alt=\"otomatik bariyer sistemi\" title=\"otomatik bariyer sistemi\" \/>    \n                            <\/a>\n                        <\/div>\n                                        <div class=\"pxl-item-body\">\n                                                                            <div class=\"pxl-item--icon\">\n                                <a href=\"https:\/\/ffforcekapi.com.tr\/?service=otomatik-bariyer-sistemi\">\n                                    <i class=\"fas fa-door-open\"><\/i>\n                                <\/a>\n                            <\/div>\n                                                                            <div class=\"item--category\">\n                                <a href=\"https:\/\/ffforcekapi.com.tr\/?service-category=otomatik-bariyer-sistemi\" rel=\"tag\">Otomatik Bariyer Sistemi<\/a>                            <\/div>\n                                                <h3 class=\"pxl-item--title\">\n                            <a href=\"https:\/\/ffforcekapi.com.tr\/?service=otomatik-bariyer-sistemi\">\n                                Otomatik Bariyer Sistemi                            <\/a>\n                        <\/h3>\n                                                                    <\/div>\n                <\/div>\n            <\/div>\n                    <div class=\"pxl-grid-item col-xl-4 col-lg-4 col-md-4 col-sm-6 col-12 yana-kayar-kapi\">\n                <div class=\"pxl-item--inner \" data-wow-duration=\"1.2s\">\n                                            <div class=\"item--featured\">\n                            <a href=\"https:\/\/ffforcekapi.com.tr\/?service=yana-kayar-kapi-sistemi\">\n                                <img loading=\"lazy\" decoding=\"async\" class=\"no-lazyload \" src=\"https:\/\/ffforcekapi.com.tr\/wp-content\/uploads\/2025\/02\/yana-kayr-kapi.webp\" width=\"800\" height=\"600\" alt=\"yana kayr kap\u0131\" title=\"yana kayr kap\u0131\" \/>    \n                            <\/a>\n                        <\/div>\n                                        <div class=\"pxl-item-body\">\n                                                                            <div class=\"pxl-item--icon\">\n                                <a href=\"https:\/\/ffforcekapi.com.tr\/?service=yana-kayar-kapi-sistemi\">\n                                    <i class=\"fas fa-door-open\"><\/i>\n                                <\/a>\n                            <\/div>\n                                                                            <div class=\"item--category\">\n                                <a href=\"https:\/\/ffforcekapi.com.tr\/?service-category=yana-kayar-kapi\" rel=\"tag\">Yana Kayar Kap\u0131 Sistemi<\/a>                            <\/div>\n                                                <h3 class=\"pxl-item--title\">\n                            <a href=\"https:\/\/ffforcekapi.com.tr\/?service=yana-kayar-kapi-sistemi\">\n                                Yana Kayar Kap\u0131 Sistemi                            <\/a>\n                        <\/h3>\n                                                                    <\/div>\n                <\/div>\n            <\/div>\n                    <div class=\"pxl-grid-item col-xl-4 col-lg-4 col-md-4 col-sm-6 col-12 otomatik-garaj-kapisi\">\n                <div class=\"pxl-item--inner \" data-wow-duration=\"1.2s\">\n                                            <div class=\"item--featured\">\n                            <a href=\"https:\/\/ffforcekapi.com.tr\/?service=otomatik-garaj-kapisi\">\n                                <img loading=\"lazy\" decoding=\"async\" class=\"no-lazyload \" src=\"https:\/\/ffforcekapi.com.tr\/wp-content\/uploads\/2025\/02\/WhatsApp-Image-2025-01-02-at-11.03.03-1-e1739118779783-822x600.jpeg\" width=\"822\" height=\"600\" alt=\"otomati kap\u0131 konya\" title=\"otomati kap\u0131 konya\" \/>    \n                            <\/a>\n                        <\/div>\n                                        <div class=\"pxl-item-body\">\n                                                                            <div class=\"pxl-item--icon\">\n                                <a href=\"https:\/\/ffforcekapi.com.tr\/?service=otomatik-garaj-kapisi\">\n                                    <i class=\"fas fa-door-open\"><\/i>\n                                <\/a>\n                            <\/div>\n                                                                            <div class=\"item--category\">\n                                <a href=\"https:\/\/ffforcekapi.com.tr\/?service-category=otomatik-garaj-kapisi\" rel=\"tag\">Otomatik Garaj Kap\u0131s\u0131<\/a>                            <\/div>\n                                                <h3 class=\"pxl-item--title\">\n                            <a href=\"https:\/\/ffforcekapi.com.tr\/?service=otomatik-garaj-kapisi\">\n                                Otomatik Garaj Kap\u0131s\u0131                            <\/a>\n                        <\/h3>\n                                                                    <\/div>\n                <\/div>\n            <\/div>\n                    <div class=\"pxl-grid-item col-xl-4 col-lg-4 col-md-4 col-sm-6 col-12 otomatik-kepenk-sistemi\">\n                <div class=\"pxl-item--inner \" data-wow-duration=\"1.2s\">\n                                            <div class=\"item--featured\">\n                            <a href=\"https:\/\/ffforcekapi.com.tr\/?service=otomatik-kepenk-sistemi\">\n                                <img loading=\"lazy\" decoding=\"async\" class=\"no-lazyload \" src=\"https:\/\/ffforcekapi.com.tr\/wp-content\/uploads\/2025\/02\/otomatik-kapi-scaled-e1739124190763-822x600.jpeg\" width=\"822\" height=\"600\" alt=\"otomatik kap\u0131\" title=\"otomatik kap\u0131\" \/>    \n                            <\/a>\n                        <\/div>\n                                        <div class=\"pxl-item-body\">\n                                                                            <div class=\"pxl-item--icon\">\n                                <a href=\"https:\/\/ffforcekapi.com.tr\/?service=otomatik-kepenk-sistemi\">\n                                    <i class=\"fas fa-door-open\"><\/i>\n                                <\/a>\n                            <\/div>\n                                                                            <div class=\"item--category\">\n                                <a href=\"https:\/\/ffforcekapi.com.tr\/?service-category=otomatik-kepenk-sistemi\" rel=\"tag\">Otomatik Kepenk Sistemi<\/a>                            <\/div>\n                                                <h3 class=\"pxl-item--title\">\n                            <a href=\"https:\/\/ffforcekapi.com.tr\/?service=otomatik-kepenk-sistemi\">\n                                Otomatik Kepenk Sistemi                            <\/a>\n                        <\/h3>\n                                                                    <\/div>\n                <\/div>\n            <\/div>\n                    <div class=\"pxl-grid-item col-xl-4 col-lg-4 col-md-4 col-sm-6 col-12 seksiyonel-otomatik-kapi\">\n                <div class=\"pxl-item--inner \" data-wow-duration=\"1.2s\">\n                                            <div class=\"item--featured\">\n                            <a href=\"https:\/\/ffforcekapi.com.tr\/?service=seksiyonel-otomatik-kapi\">\n                                <img loading=\"lazy\" decoding=\"async\" class=\"no-lazyload \" src=\"https:\/\/ffforcekapi.com.tr\/wp-content\/uploads\/2025\/02\/WhatsApp-Image-2025-06-14-at-19.25.45-1-822x600.jpeg\" width=\"822\" height=\"600\" alt=\"end\u00fcstriyel kap\u0131\" title=\"end\u00fcstriyel kap\u0131\" \/>    \n                            <\/a>\n                        <\/div>\n                                        <div class=\"pxl-item-body\">\n                                                                            <div class=\"pxl-item--icon\">\n                                <a href=\"https:\/\/ffforcekapi.com.tr\/?service=seksiyonel-otomatik-kapi\">\n                                    <i class=\"fas fa-door-open\"><\/i>\n                                <\/a>\n                            <\/div>\n                                                                            <div class=\"item--category\">\n                                <a href=\"https:\/\/ffforcekapi.com.tr\/?service-category=seksiyonel-otomatik-kapi\" rel=\"tag\">Seksiyonel Otomatik Kap\u0131<\/a>                            <\/div>\n                                                <h3 class=\"pxl-item--title\">\n                            <a href=\"https:\/\/ffforcekapi.com.tr\/?service=seksiyonel-otomatik-kapi\">\n                                Seksiyonel Otomatik Kap\u0131                            <\/a>\n                        <\/h3>\n                                                                    <\/div>\n                <\/div>\n            <\/div>\n                <div class=\"grid-sizer col-xl-4 col-lg-4 col-md-4 col-sm-6 col-12\"><\/div>\n    <\/div>\n        <\/div>\t\t\t\t<\/div>\n\t\t\t\t<\/div>\n\t\t            <\/div>\r\n        <\/div>\r\n        \t\t\t<\/div>\n\t\t<\/section>\n\t\t\t\t<\/div>\n\t\t","protected":false},"excerpt":{"rendered":"<p>Hizmetlerimiz Kap\u0131 Donan\u0131m Par\u00e7alar\u0131 Kap\u0131 Donan\u0131m Par\u00e7alar\u0131 Kap\u0131 Motorlar\u0131 Kap\u0131 Motorlar\u0131 Fotoselli Kap\u0131 Sistemi Fotoselli Kap\u0131 Sistemi Otomatik Bariyer Sistemi Otomatik Bariyer Sistemi Yana Kayar Kap\u0131 Sistemi Yana Kayar Kap\u0131 Sistemi Otomatik Garaj Kap\u0131s\u0131 Otomatik Garaj Kap\u0131s\u0131 Otomatik Kepenk Sistemi Otomatik Kepenk Sistemi Seksiyonel Otomatik Kap\u0131 Seksiyonel Otomatik Kap\u0131<\/p>\n","protected":false},"author":1,"featured_media":0,"parent":0,"menu_order":0,"comment_status":"closed","ping_status":"closed","template":"","meta":{"footnotes":""},"class_list":["post-29","page","type-page","status-publish","hentry"],"jetpack_sharing_enabled":true,"_links":{"self":[{"href":"https:\/\/ffforcekapi.com.tr\/index.php?rest_route=\/wp\/v2\/pages\/29","targetHints":{"allow":["GET"]}}],"collection":[{"href":"https:\/\/ffforcekapi.com.tr\/index.php?rest_route=\/wp\/v2\/pages"}],"about":[{"href":"https:\/\/ffforcekapi.com.tr\/index.php?rest_route=\/wp\/v2\/types\/page"}],"author":[{"embeddable":true,"href":"https:\/\/ffforcekapi.com.tr\/index.php?rest_route=\/wp\/v2\/users\/1"}],"replies":[{"embeddable":true,"href":"https:\/\/ffforcekapi.com.tr\/index.php?rest_route=%2Fwp%2Fv2%2Fcomments&post=29"}],"version-history":[{"count":4,"href":"https:\/\/ffforcekapi.com.tr\/index.php?rest_route=\/wp\/v2\/pages\/29\/revisions"}],"predecessor-version":[{"id":18406,"href":"https:\/\/ffforcekapi.com.tr\/index.php?rest_route=\/wp\/v2\/pages\/29\/revisions\/18406"}],"wp:attachment":[{"href":"https:\/\/ffforcekapi.com.tr\/index.php?rest_route=%2Fwp%2Fv2%2Fmedia&parent=29"}],"curies":[{"name":"wp","href":"https:\/\/api.w.org\/{rel}","templated":true}]}}