{"id":18508,"date":"2025-02-10T17:56:51","date_gmt":"2025-02-10T17:56:51","guid":{"rendered":"https:\/\/ffforcekapi.com.tr\/?page_id=18508"},"modified":"2025-02-10T17:57:17","modified_gmt":"2025-02-10T17:57:17","slug":"garanti-ve-iade-kosullari","status":"publish","type":"page","link":"https:\/\/ffforcekapi.com.tr\/?page_id=18508","title":{"rendered":"Garanti ve \u0130ade Ko\u015fullar\u0131"},"content":{"rendered":"\n<p><strong>GENEL:<\/strong><\/p>\n\n\n\n<ol class=\"wp-block-list\">\n<li>www.ffforcekapi.com.tr \u00fczerinden elektronik ortamda sipari\u015f verdi\u011finiz takdirde, size sunulan \u00f6n bilgilendirme formunu ve mesafeli sat\u0131\u015f s\u00f6zle\u015fmesini kabul etmi\u015f say\u0131l\u0131rs\u0131n\u0131z.<\/li>\n\n\n\n<li>Al\u0131c\u0131lar, sat\u0131n ald\u0131klar\u0131 \u00fcr\u00fcn\u00fcn sat\u0131\u015f ve teslimi ile ilgili olarak 6502 say\u0131l\u0131 T\u00fcketicinin Korunmas\u0131 Hakk\u0131nda Kanun ve Mesafeli S\u00f6zle\u015fmeler Y\u00f6netmeli\u011fi (RG:27.11.2014\/29188) h\u00fck\u00fcmleri ile y\u00fcr\u00fcrl\u00fckteki di\u011fer yasalara tabidir.<\/li>\n\n\n\n<li>\u00dcr\u00fcn sevkiyat masraf\u0131 olan kargo \u00fccretleri al\u0131c\u0131lar taraf\u0131ndan \u00f6denecektir.<\/li>\n\n\n\n<li>Sat\u0131n al\u0131nan her bir \u00fcr\u00fcn, 30 g\u00fcnl\u00fck yasal s\u00fcreyi a\u015fmamak kayd\u0131 ile al\u0131c\u0131n\u0131n g\u00f6sterdi\u011fi adresteki ki\u015fi ve\/veya kurulu\u015fa teslim edilir. Bu s\u00fcre i\u00e7inde \u00fcr\u00fcn teslim edilmez ise, Al\u0131c\u0131lar s\u00f6zle\u015fmeyi sona erdirebilir.<\/li>\n\n\n\n<li>Sat\u0131n al\u0131nan \u00fcr\u00fcn, eksiksiz ve sipari\u015fte belirtilen niteliklere uygun olarak teslim edilmek zorundad\u0131r.<\/li>\n\n\n\n<li>Sat\u0131n al\u0131nan \u00fcr\u00fcn\u00fcn sat\u0131lmas\u0131n\u0131n imkans\u0131zla\u015fmas\u0131 durumunda, sat\u0131c\u0131 bu durumu \u00f6\u011frendi\u011finden itibaren 3 g\u00fcn i\u00e7inde yaz\u0131l\u0131 olarak al\u0131c\u0131ya bu durumu bildirmek zorundad\u0131r. 14 g\u00fcn i\u00e7inde de toplam bedel Al\u0131c\u0131\u2019ya iade edilmek zorundad\u0131r.<\/li>\n<\/ol>\n\n\n\n<p><strong>SATIN ALINAN \u00dcR\u00dcN BEDEL\u0130 \u00d6DENMEZ \u0130SE:<\/strong><\/p>\n\n\n\n<ol start=\"7\" class=\"wp-block-list\">\n<li>Al\u0131c\u0131, sat\u0131n ald\u0131\u011f\u0131 \u00fcr\u00fcn bedelini \u00f6demez veya banka kay\u0131tlar\u0131nda iptal ederse, FFForce Kap\u0131\u2019n\u0131n \u00fcr\u00fcn\u00fc teslim y\u00fck\u00fcml\u00fcl\u00fc\u011f\u00fc sona erer.<\/li>\n<\/ol>\n\n\n\n<p><strong>KRED\u0130 KARTININ YETK\u0130S\u0130Z KULLANIMI \u0130LE YAPILAN ALI\u015eVER\u0130\u015eLER:<\/strong><\/p>\n\n\n\n<ol start=\"8\" class=\"wp-block-list\">\n<li>\u00dcr\u00fcn teslim edildikten sonra, al\u0131c\u0131n\u0131n \u00f6deme yapt\u0131\u011f\u0131 kredi kart\u0131n\u0131n yetkisiz ki\u015filer taraf\u0131ndan haks\u0131z olarak kullan\u0131ld\u0131\u011f\u0131 tespit edilirse ve sat\u0131lan \u00fcr\u00fcn bedeli ilgili banka veya finans kurulu\u015fu taraf\u0131ndan FFForce Kap\u0131\u2019na \u00f6denmez ise, Al\u0131c\u0131, s\u00f6zle\u015fme konusu \u00fcr\u00fcn\u00fc 3 g\u00fcn i\u00e7erisinde nakliye gideri ALICI\u2019ya ait olacak \u015fekilde FFForce Kap\u0131\u2019ya iade etmek zorundad\u0131r.<\/li>\n<\/ol>\n\n\n\n<p><strong>\u00d6NG\u00d6R\u00dcLEMEYEN SEBEPLERLE \u00dcR\u00dcN S\u00dcRES\u0130NDE TESL\u0130M ED\u0130LEMEZ \u0130SE:<\/strong><\/p>\n\n\n\n<ol start=\"9\" class=\"wp-block-list\">\n<li>FFForce Kap\u0131&#8217;n\u0131n \u00f6ng\u00f6remeyece\u011fi m\u00fccbir sebepler olu\u015fursa ve \u00fcr\u00fcn s\u00fcresinde teslim edilemez ise, durum Al\u0131c\u0131\u2019ya bildirilir. Al\u0131c\u0131, sipari\u015fin iptalini, \u00fcr\u00fcn\u00fcn benzeri ile de\u011fi\u015ftirilmesini veya engel ortadan kalkana dek teslimat\u0131n ertelenmesini talep edebilir. Al\u0131c\u0131 sipari\u015fi iptal ederse; \u00f6demeyi nakit ile yapm\u0131\u015f ise iptalinden itibaren 14 g\u00fcn i\u00e7inde kendisine nakden bu \u00fccret \u00f6denir. Al\u0131c\u0131, \u00f6demeyi kredi kart\u0131 ile yapm\u0131\u015f ise ve iptal ederse, bu iptalden itibaren yine 14 g\u00fcn i\u00e7inde \u00fcr\u00fcn bedeli bankaya iade edilir, ancak bankan\u0131n al\u0131c\u0131n\u0131n hesab\u0131na 2-3 hafta i\u00e7erisinde aktarmas\u0131 olas\u0131d\u0131r.<\/li>\n<\/ol>\n\n\n\n<p><strong>ALICININ \u00dcR\u00dcN\u00dc KONTROL ETME Y\u00dcK\u00dcML\u00dcL\u00dc\u011e\u00dc:<\/strong><\/p>\n\n\n\n<ol start=\"10\" class=\"wp-block-list\">\n<li>Al\u0131c\u0131, s\u00f6zle\u015fme konusu mal\/hizmeti teslim almadan \u00f6nce muayene edecek; ezik, k\u0131r\u0131k, ambalaj\u0131 y\u0131rt\u0131lm\u0131\u015f vb. hasarl\u0131 ve ay\u0131pl\u0131 mal\/hizmeti kargo \u015firketinden teslim almayacakt\u0131r. Teslim al\u0131nan mal\/hizmetin hasars\u0131z ve sa\u011flam oldu\u011fu kabul edilecektir. ALICI , Teslimden sonra mal\/hizmeti \u00f6zenle korunmak zorundad\u0131r. \u0130ptal hakk\u0131 kullan\u0131lacaksa mal\/hizmet kullan\u0131lmamal\u0131d\u0131r. \u00dcr\u00fcnle birlikte faturada iade edilmelidir.<\/li>\n<\/ol>\n\n\n\n<p><strong>&nbsp;&nbsp;&nbsp; &nbsp;&nbsp; \u0130ADE KO\u015eULLARI:<\/strong><\/p>\n\n\n\n<ol start=\"18\" class=\"wp-block-list\">\n<li>FFForce Kap\u0131,\u00a0defolu ,eksik veya hatal\u0131\u00a0\u00fcr\u00fcn\u00fcn kendisine bildirilmesinden itibaren en ge\u00e7 7 g\u00fcnl\u00fck s\u00fcre i\u00e7erisinde toplam bedeli ve ALICI\u2019y\u0131 bor\u00e7 alt\u0131na sokan belgeleri ALICI\u2019 ya iade etmek ve 7 g\u00fcnl\u00fck s\u00fcre i\u00e7erisinde mal\u0131 iade almakla y\u00fck\u00fcml\u00fcd\u00fcr.\u00a0Bunun haricinde kuma\u015flar haz\u0131r \u00fcr\u00fcn olmay\u0131p iste\u011finiz do\u011frultusunda \u00f6zel \u00f6l\u00e7\u00fcye g\u00f6re kesildi\u011fi i\u00e7in \u00fcreticinin \u00fcretti\u011fi veya ithal edilen top ,rolik metraj\u0131n\u0131n (kuma\u015f t\u00fcr\u00fcne g\u00f6re 30-40 ve 100 metre vb. en az 30 metre ) alt\u0131ndaki kuma\u015flar iade al\u0131nmamaktad\u0131r.Kuma\u015flar\u0131n tekrar sat\u0131labilirli\u011fi bozulmaktad\u0131r.<\/li>\n\n\n\n<li>ALICI\u2019 n\u0131n kusurundan kaynaklanan bir nedenle mal\u0131n de\u011ferinde bir azalma olursa veya iade imk\u00e2ns\u0131zla\u015f\u0131rsa ALICI kusuru oran\u0131nda FFForce Kap\u0131\u2019 n\u0131n zararlar\u0131n\u0131 tazmin etmekle y\u00fck\u00fcml\u00fcd\u00fcr.<\/li>\n\n\n\n<li>Renk hususu ; \u00f6zellikle d\u00fcz renk kuma\u015flarda zemin ,arka plan, \u0131\u015f\u0131k fakt\u00f6r\u00fc etkili oldu\u011fundan ve dijital ortamda telefon, tablet ,bilgisayar vb. cihazlar\u0131n renk alg\u0131lay\u0131c\u0131lar\u0131 farkl\u0131 oldu\u011fundan kuma\u015f renklerinde ufak farkl\u0131l\u0131klar olabilmektedir. Sipari\u015flerde bu do\u011frultuda ufak renk farkl\u0131l\u0131klar\u0131 sebebiyle iade kabul edilmemektedir. Kuma\u015f\u0131n bulundu\u011fu renk band\u0131ndan \u00e7\u0131kmayarak bir veya iki ton farkl\u0131l\u0131k dijital ortam\u0131n sebep oldu\u011fu farkl\u0131l\u0131k olarak kabul edilmektedir. Bariz renk farklar\u0131nda FFForce Kap\u0131 \u00fcr\u00fcn\u00fc iade almakla y\u00fck\u00fcml\u00fcd\u00fcr.<\/li>\n<\/ol>\n\n\n\n<p><strong><\/strong><strong>&nbsp;&nbsp;&nbsp;&nbsp;&nbsp;&nbsp; TEMERR\u00dcT HAL\u0130 VE HUKUK\u0130 SONU\u00c7LAR<\/strong><\/p>\n\n\n\n<ol start=\"18\" class=\"wp-block-list\">\n<li>ALICI, \u00f6deme i\u015flemlerini kredi kart\u0131 ile yapt\u0131\u011f\u0131 durumda temerr\u00fcde d\u00fc\u015ft\u00fc\u011f\u00fc takdirde, kart sahibi banka ile aras\u0131ndaki kredi kart\u0131 s\u00f6zle\u015fmesi \u00e7er\u00e7evesinde faiz \u00f6deyece\u011fini ve bankaya kar\u015f\u0131 sorumlu olaca\u011f\u0131n\u0131 kabul, beyan ve taahh\u00fct eder. Bu durumda ilgili banka hukuki yollara ba\u015fvurabilir; do\u011facak masraflar\u0131 ve vek\u00e2let \u00fccretini ALICI\u2019dan talep edebilir ve her ko\u015fulda ALICI\u2019n\u0131n borcundan dolay\u0131 temerr\u00fcde d\u00fc\u015fmesi halinde, ALICI, borcun gecikmeli ifas\u0131ndan dolay\u0131 FFForce Kap\u0131\u2019n\u0131n u\u011frad\u0131\u011f\u0131 zarar ve ziyan\u0131n\u0131 \u00f6deyece\u011fini kabul eder.<\/li>\n<\/ol>\n\n\n\n<p><strong>\u00d6DEME VE TESL\u0130MAT<\/strong><\/p>\n\n\n\n<ol start=\"24\" class=\"wp-block-list\">\n<li>Banka Havalesi veya EFT (Elektronik Fon Transferi) yaparak TEB, Z\u0130RAAT BANKASI hesaplar\u0131m\u0131zdan (TL) herhangi birine yapabilirsiniz.<\/li>\n\n\n\n<li>Sitemiz \u00fczerinden kredi kartlar\u0131n\u0131z ile, Her t\u00fcrl\u00fc kredi kart\u0131n\u0131za online tek \u00f6deme ya da\u00a0online taksit imk\u00e2nlar\u0131ndan yararlanabilirsiniz. Online \u00f6demelerinizde sipari\u015finiz sonunda kredi kart\u0131n\u0131zdan tutar \u00e7ekim i\u015flemi ger\u00e7ekle\u015fecektir.<\/li>\n\n\n\n<li><\/li>\n<\/ol>\n","protected":false},"excerpt":{"rendered":"<p>GENEL: SATIN ALINAN \u00dcR\u00dcN BEDEL\u0130 \u00d6DENMEZ \u0130SE: KRED\u0130 KARTININ YETK\u0130S\u0130Z KULLANIMI \u0130LE YAPILAN ALI\u015eVER\u0130\u015eLER: \u00d6NG\u00d6R\u00dcLEMEYEN SEBEPLERLE \u00dcR\u00dcN S\u00dcRES\u0130NDE TESL\u0130M ED\u0130LEMEZ \u0130SE: ALICININ \u00dcR\u00dcN\u00dc KONTROL ETME Y\u00dcK\u00dcML\u00dcL\u00dc\u011e\u00dc: &nbsp;&nbsp;&nbsp; &nbsp;&nbsp; \u0130ADE KO\u015eULLARI: &nbsp;&nbsp;&nbsp;&nbsp;&nbsp;&nbsp; TEMERR\u00dcT HAL\u0130 VE HUKUK\u0130 SONU\u00c7LAR \u00d6DEME VE TESL\u0130MAT<\/p>\n","protected":false},"author":1,"featured_media":0,"parent":0,"menu_order":0,"comment_status":"closed","ping_status":"closed","template":"","meta":{"footnotes":""},"class_list":["post-18508","page","type-page","status-publish","hentry"],"jetpack_sharing_enabled":true,"_links":{"self":[{"href":"https:\/\/ffforcekapi.com.tr\/index.php?rest_route=\/wp\/v2\/pages\/18508","targetHints":{"allow":["GET"]}}],"collection":[{"href":"https:\/\/ffforcekapi.com.tr\/index.php?rest_route=\/wp\/v2\/pages"}],"about":[{"href":"https:\/\/ffforcekapi.com.tr\/index.php?rest_route=\/wp\/v2\/types\/page"}],"author":[{"embeddable":true,"href":"https:\/\/ffforcekapi.com.tr\/index.php?rest_route=\/wp\/v2\/users\/1"}],"replies":[{"embeddable":true,"href":"https:\/\/ffforcekapi.com.tr\/index.php?rest_route=%2Fwp%2Fv2%2Fcomments&post=18508"}],"version-history":[{"count":2,"href":"https:\/\/ffforcekapi.com.tr\/index.php?rest_route=\/wp\/v2\/pages\/18508\/revisions"}],"predecessor-version":[{"id":18510,"href":"https:\/\/ffforcekapi.com.tr\/index.php?rest_route=\/wp\/v2\/pages\/18508\/revisions\/18510"}],"wp:attachment":[{"href":"https:\/\/ffforcekapi.com.tr\/index.php?rest_route=%2Fwp%2Fv2%2Fmedia&parent=18508"}],"curies":[{"name":"wp","href":"https:\/\/api.w.org\/{rel}","templated":true}]}}