{"id":15,"date":"2025-01-26T14:38:23","date_gmt":"2025-01-26T14:38:23","guid":{"rendered":"https:\/\/demo.bravisthemes.com\/fixera\/?page_id=15"},"modified":"2025-02-10T04:01:41","modified_gmt":"2025-02-10T04:01:41","slug":"hakkimizda","status":"publish","type":"page","link":"https:\/\/ffforcekapi.com.tr\/?page_id=15","title":{"rendered":"Hakk\u0131m\u0131zda"},"content":{"rendered":"\t\t<div data-elementor-type=\"wp-page\" data-elementor-id=\"15\" class=\"elementor elementor-15\" data-elementor-post-type=\"page\">\n\t\t\t\t        <section class=\"elementor-section elementor-top-section elementor-element elementor-element-b0f2729 bg-primary elementor-section-boxed elementor-section-height-default elementor-section-height-default pxl-type-header-none pxl-row-scroll-none\" data-id=\"b0f2729\" data-element_type=\"section\" data-e-type=\"section\" data-settings=\"{&quot;background_background&quot;:&quot;classic&quot;}\">\n\n                \n                <div class=\"elementor-container elementor-column-gap-extended \">\n                <div class=\"elementor-column elementor-col-100 elementor-top-column elementor-element elementor-element-23060f3 pxl-column-element-default pxl-column-none pxl-column-overflow-hidden-no\" data-id=\"23060f3\" data-element_type=\"column\" data-e-type=\"column\">\r\n        <div class=\"elementor-widget-wrap elementor-element-populated\">\r\n                     \r\n                <section class=\"elementor-section elementor-inner-section elementor-element elementor-element-62c397f elementor-section-content-middle elementor-section-boxed elementor-section-height-default elementor-section-height-default pxl-type-header-none pxl-row-scroll-none\" data-id=\"62c397f\" data-element_type=\"section\" data-e-type=\"section\">\n\n                \n                <div class=\"elementor-container elementor-column-gap-no \">\n                <div class=\"elementor-column elementor-col-50 elementor-inner-column elementor-element elementor-element-2d6c6ad pxl-column-element-default pxl-column-none pxl-column-overflow-hidden-no\" data-id=\"2d6c6ad\" data-element_type=\"column\" data-e-type=\"column\">\r\n        <div class=\"elementor-widget-wrap elementor-element-populated\">\r\n                     \r\n        \t\t<div class=\"elementor-element elementor-element-a47d8b1 elementor-widget__width-auto elementor-widget elementor-widget-pxl_text_editor\" data-id=\"a47d8b1\" data-element_type=\"widget\" data-e-type=\"widget\" data-widget_type=\"pxl_text_editor.default\">\n\t\t\t\t<div class=\"elementor-widget-container\">\n\t\t\t\t\t<div class=\"pxl-text-editor \">\n\t<div class=\"pxl-item--inner \" data-wow-delay=\"ms\">\n\t\t<p>FFFORCE KAPI<\/p>\t<\/div>\n<\/div>\t\t\t\t<\/div>\n\t\t\t\t<\/div>\n\t\t\t\t<div class=\"elementor-element elementor-element-16da706 elementor-widget elementor-widget-pxl_heading\" data-id=\"16da706\" data-element_type=\"widget\" data-e-type=\"widget\" data-widget_type=\"pxl_heading.default\">\n\t\t\t\t<div class=\"elementor-widget-container\">\n\t\t\t\t\t<div class=\"pxl-heading\">\n\t<div class=\"pxl-heading--inner\">\n\t\t\t\t<h3 class=\"pxl-item--title \" data-wow-delay=\"ms\">\n\t\t\tHakk\u0131m\u0131zda\t\t\n\t\t<\/h3>\n\t\t\t<\/div>\n<\/div>\t\t\t\t<\/div>\n\t\t\t\t<\/div>\n\t\t            <\/div>\r\n        <\/div>\r\n                <div class=\"elementor-column elementor-col-50 elementor-inner-column elementor-element elementor-element-20b6c4d pxl-column-element-default pxl-column-none pxl-column-overflow-hidden-no\" data-id=\"20b6c4d\" data-element_type=\"column\" data-e-type=\"column\">\r\n        <div class=\"elementor-widget-wrap elementor-element-populated\">\r\n                     \r\n        \t\t<div class=\"elementor-element elementor-element-21fe428 elementor-widget elementor-widget-pxl_text_editor\" data-id=\"21fe428\" data-element_type=\"widget\" data-e-type=\"widget\" data-widget_type=\"pxl_text_editor.default\">\n\t\t\t\t<div class=\"elementor-widget-container\">\n\t\t\t\t\t<div class=\"pxl-text-editor \">\n\t<div class=\"pxl-item--inner \" data-wow-delay=\"ms\">\n\t\t<p>FFFORCE Kap\u0131 Firmas\u0131 olarak, end\u00fcstriyel ve otomatik kap\u0131 sistemleri alan\u0131nda profesyonel \u00e7\u00f6z\u00fcmler sunuyoruz. Y\u0131llar\u0131n verdi\u011fi deneyim ve teknik uzmanl\u0131k ile sekt\u00f6rde g\u00fcvenilir bir i\u015f orta\u011f\u0131 olarak faaliyet g\u00f6stermekteyiz.<\/p><p>M\u00fc\u015fteri memnuniyetini \u00f6ncelikli hedefimiz olarak benimseyerek, <strong>End\u00fcstriyel Otomatik Kap\u0131lar, Seksiyonel Otomatik Kap\u0131lar, Otomatik Kepenk Sistemleri, Otomatik Garaj Kap\u0131lar\u0131, Yana Kayar Kap\u0131 Sistemleri, Fotoselli Kap\u0131lar ve Otomatik Bariyer Sistemleri<\/strong> gibi geni\u015f bir \u00fcr\u00fcn yelpazesiyle hizmet veriyoruz.<\/p><p>Ayr\u0131ca, <strong>End\u00fcstriyel Kap\u0131 Yedek Par\u00e7alar\u0131, End\u00fcstriyel Kap\u0131 Motorlar\u0131, Seksiyonel Kap\u0131 Motorlar\u0131, Otomatik Kepenk Motorlar\u0131 ve Yana Kayar Kap\u0131 Motorlar\u0131<\/strong> gibi kritik bile\u015fenler i\u00e7in de yedek par\u00e7a ve teknik destek sa\u011fl\u0131yoruz.<\/p><p>Her projeye \u00f6zel <strong>m\u00fchendislik \u00e7\u00f6z\u00fcmleri, proje dan\u0131\u015fmanl\u0131\u011f\u0131 ve teknik destek hizmetleri<\/strong> sunarak, i\u015fletmelerin ihtiya\u00e7lar\u0131na y\u00f6nelik yenilik\u00e7i ve uzun \u00f6m\u00fcrl\u00fc kap\u0131 sistemleri geli\u015ftiriyoruz.<\/p>\t<\/div>\n<\/div>\t\t\t\t<\/div>\n\t\t\t\t<\/div>\n\t\t            <\/div>\r\n        <\/div>\r\n        \t\t\t<\/div>\n\t\t<\/section>\n\t\t\t\t<div class=\"elementor-element elementor-element-3469d96 elementor-widget elementor-widget-pxl_banner_carousel\" data-id=\"3469d96\" data-element_type=\"widget\" data-e-type=\"widget\" data-widget_type=\"pxl_banner_carousel.default\">\n\t\t\t\t<div class=\"elementor-widget-container\">\n\t\t\t\t\t    <div class=\"pxl-swiper-sliders pxl-banner-carousel pxl-banner-carousel1\" data-arrow=\"false\">\n        <div class=\"pxl-carousel-inner \">\n            <div class=\"pxl-swiper-container\" dir=\"ltr\" data-settings=\"{&quot;slide_direction&quot;:&quot;horizontal&quot;,&quot;slide_percolumn&quot;:&quot;1&quot;,&quot;slide_mode&quot;:&quot;slide&quot;,&quot;slides_to_show&quot;:&quot;1&quot;,&quot;slides_to_show_xxl&quot;:&quot;1&quot;,&quot;slides_to_show_lg&quot;:&quot;1&quot;,&quot;slides_to_show_md&quot;:&quot;1&quot;,&quot;slides_to_show_sm&quot;:&quot;1&quot;,&quot;slides_to_show_xs&quot;:&quot;1&quot;,&quot;slides_to_scroll&quot;:&quot;1&quot;,&quot;arrow&quot;:&quot;false&quot;,&quot;pagination&quot;:&quot;false&quot;,&quot;pagination_type&quot;:&quot;bullets&quot;,&quot;autoplay&quot;:&quot;&quot;,&quot;pause_on_hover&quot;:&quot;&quot;,&quot;pause_on_interaction&quot;:&quot;true&quot;,&quot;delay&quot;:5000,&quot;loop&quot;:&quot;false&quot;,&quot;speed&quot;:500}\">\n                <div class=\"pxl-swiper-wrapper\">\n                                            <div class=\"pxl-swiper-slide\">\n                            <div class=\"pxl-item--inner \" data-wow-delay=\"ms\">\n                                                                     <div class=\"pxl-item--feature\">\n                                        <img fetchpriority=\"high\" decoding=\"async\" class=\"no-lazyload \" src=\"https:\/\/ffforcekapi.com.tr\/wp-content\/uploads\/2025\/02\/WhatsApp-Image-2025-01-02-at-11.03.03-1-e1739118779783.jpeg\" width=\"1197\" height=\"770\" alt=\"otomati kap\u0131 konya\" title=\"otomati kap\u0131 konya\" \/>      \n                                    <\/div>\n                                                           <\/div>\n                        <\/div>\n                                    <\/div>\n            <\/div>\n                                <\/div>\n    <\/div>\n\t\t\t\t<\/div>\n\t\t\t\t<\/div>\n\t\t            <\/div>\r\n        <\/div>\r\n        \t\t\t<\/div>\n\t\t<\/section>\n\t\t\t\t<\/div>\n\t\t","protected":false},"excerpt":{"rendered":"<p>FFFORCE KAPI Hakk\u0131m\u0131zda FFFORCE Kap\u0131 Firmas\u0131 olarak, end\u00fcstriyel ve otomatik kap\u0131 sistemleri alan\u0131nda profesyonel \u00e7\u00f6z\u00fcmler sunuyoruz. Y\u0131llar\u0131n verdi\u011fi deneyim ve teknik uzmanl\u0131k ile sekt\u00f6rde g\u00fcvenilir bir i\u015f orta\u011f\u0131 olarak faaliyet g\u00f6stermekteyiz. M\u00fc\u015fteri memnuniyetini \u00f6ncelikli hedefimiz olarak benimseyerek, End\u00fcstriyel Otomatik Kap\u0131lar, Seksiyonel Otomatik Kap\u0131lar, Otomatik Kepenk Sistemleri, Otomatik Garaj Kap\u0131lar\u0131, Yana Kayar Kap\u0131 Sistemleri, Fotoselli Kap\u0131lar [&hellip;]<\/p>\n","protected":false},"author":1,"featured_media":0,"parent":0,"menu_order":0,"comment_status":"closed","ping_status":"closed","template":"","meta":{"footnotes":""},"class_list":["post-15","page","type-page","status-publish","hentry"],"jetpack_sharing_enabled":true,"_links":{"self":[{"href":"https:\/\/ffforcekapi.com.tr\/index.php?rest_route=\/wp\/v2\/pages\/15","targetHints":{"allow":["GET"]}}],"collection":[{"href":"https:\/\/ffforcekapi.com.tr\/index.php?rest_route=\/wp\/v2\/pages"}],"about":[{"href":"https:\/\/ffforcekapi.com.tr\/index.php?rest_route=\/wp\/v2\/types\/page"}],"author":[{"embeddable":true,"href":"https:\/\/ffforcekapi.com.tr\/index.php?rest_route=\/wp\/v2\/users\/1"}],"replies":[{"embeddable":true,"href":"https:\/\/ffforcekapi.com.tr\/index.php?rest_route=%2Fwp%2Fv2%2Fcomments&post=15"}],"version-history":[{"count":4,"href":"https:\/\/ffforcekapi.com.tr\/index.php?rest_route=\/wp\/v2\/pages\/15\/revisions"}],"predecessor-version":[{"id":18144,"href":"https:\/\/ffforcekapi.com.tr\/index.php?rest_route=\/wp\/v2\/pages\/15\/revisions\/18144"}],"wp:attachment":[{"href":"https:\/\/ffforcekapi.com.tr\/index.php?rest_route=%2Fwp%2Fv2%2Fmedia&parent=15"}],"curies":[{"name":"wp","href":"https:\/\/api.w.org\/{rel}","templated":true}]}}